{"id":3760,"date":"2021-03-22T12:02:21","date_gmt":"2021-03-22T11:02:21","guid":{"rendered":"https:\/\/granada.hammamalandalus.com\/?page_id=3760"},"modified":"2026-03-20T12:49:03","modified_gmt":"2026-03-20T11:49:03","slug":"primavera","status":"publish","type":"page","link":"https:\/\/granada.hammamalandalus.com\/de\/primavera\/","title":{"rendered":"Saisonaler Fr\u00fchlingsservice"},"content":{"rendered":"","protected":false},"excerpt":{"rendered":"","protected":false},"author":6,"featured_media":11145,"parent":0,"menu_order":22,"comment_status":"closed","ping_status":"closed","template":"views\/template-blocks.blade.php","meta":{"_acf_changed":false,"footnotes":""},"class_list":["post-3760","page","type-page","status-publish","has-post-thumbnail","hentry"],"acf":[],"yoast_head":"<!-- This site is optimized with the Yoast SEO plugin v27.4 - https:\/\/yoast.com\/product\/yoast-seo-wordpress\/ -->\n<title>Fr\u00fchlingsservice | Saisonaler Service | Hammam Granada<\/title>\n<meta name=\"description\" content=\"Dieses Fr\u00fchlingsangebot schenkt Ihnen eine wertvolle zus\u00e4tzliche Zeit nur f\u00fcr sich selbst. Eine Kombination aus Kl\u00e4ngen, Ritualen und \u00e4therischen \u00d6len aus El Jard\u00edn de Hammam verst\u00e4rkt das Gef\u00fchl der Verbundenheit mit der Natur und l\u00e4sst Sie den Fr\u00fchling tief in sich sp\u00fcren.\" \/>\n<meta name=\"robots\" content=\"index, follow, max-snippet:-1, max-image-preview:large, max-video-preview:-1\" \/>\n<link rel=\"canonical\" href=\"https:\/\/granada.hammamalandalus.com\/de\/primavera\/\" \/>\n<meta property=\"og:locale\" content=\"de_DE\" \/>\n<meta property=\"og:type\" content=\"article\" \/>\n<meta property=\"og:title\" content=\"Fr\u00fchlingsservice | Saisonaler Service | Hammam Granada\" \/>\n<meta property=\"og:description\" content=\"Dieses Fr\u00fchlingsangebot schenkt Ihnen eine wertvolle zus\u00e4tzliche Zeit nur f\u00fcr sich selbst. Eine Kombination aus Kl\u00e4ngen, Ritualen und \u00e4therischen \u00d6len aus El Jard\u00edn de Hammam verst\u00e4rkt das Gef\u00fchl der Verbundenheit mit der Natur und l\u00e4sst Sie den Fr\u00fchling tief in sich sp\u00fcren.\" \/>\n<meta property=\"og:url\" content=\"https:\/\/granada.hammamalandalus.com\/de\/primavera\/\" \/>\n<meta property=\"og:site_name\" content=\"Hammam Granada\" \/>\n<meta property=\"article:modified_time\" content=\"2026-03-20T11:49:03+00:00\" \/>\n<meta property=\"og:image\" content=\"https:\/\/granada.hammamalandalus.com\/wp-content\/uploads\/sites\/3\/2026\/03\/HAA_PRIMAVERA26_WEB_1920x1135_V1.jpg\" \/>\n\t<meta property=\"og:image:width\" content=\"1920\" \/>\n\t<meta property=\"og:image:height\" content=\"1135\" \/>\n\t<meta property=\"og:image:type\" content=\"image\/jpeg\" \/>\n<meta name=\"twitter:card\" content=\"summary_large_image\" \/>\n<meta name=\"twitter:label1\" content=\"Gesch\u00e4tzte Lesezeit\" \/>\n\t<meta name=\"twitter:data1\" content=\"1\u00a0Minute\" \/>\n<script type=\"application\/ld+json\" class=\"yoast-schema-graph\">{\"@context\":\"https:\\\/\\\/schema.org\",\"@graph\":[{\"@type\":\"WebPage\",\"@id\":\"https:\\\/\\\/granada.hammamalandalus.com\\\/de\\\/primavera\\\/\",\"url\":\"https:\\\/\\\/granada.hammamalandalus.com\\\/de\\\/primavera\\\/\",\"name\":\"Fr\u00fchlingsservice | Saisonaler Service | Hammam Granada\",\"isPartOf\":{\"@id\":\"https:\\\/\\\/granada.hammamalandalus.com\\\/de\\\/#website\"},\"primaryImageOfPage\":{\"@id\":\"https:\\\/\\\/granada.hammamalandalus.com\\\/de\\\/primavera\\\/#primaryimage\"},\"image\":{\"@id\":\"https:\\\/\\\/granada.hammamalandalus.com\\\/de\\\/primavera\\\/#primaryimage\"},\"thumbnailUrl\":\"https:\\\/\\\/granada.hammamalandalus.com\\\/wp-content\\\/uploads\\\/sites\\\/3\\\/2026\\\/03\\\/HAA_PRIMAVERA26_WEB_1920x1135_V1.jpg\",\"datePublished\":\"2021-03-22T11:02:21+00:00\",\"dateModified\":\"2026-03-20T11:49:03+00:00\",\"description\":\"Dieses Fr\u00fchlingsangebot schenkt Ihnen eine wertvolle zus\u00e4tzliche Zeit nur f\u00fcr sich selbst. Eine Kombination aus Kl\u00e4ngen, Ritualen und \u00e4therischen \u00d6len aus El Jard\u00edn de Hammam verst\u00e4rkt das Gef\u00fchl der Verbundenheit mit der Natur und l\u00e4sst Sie den Fr\u00fchling tief in sich sp\u00fcren.\",\"breadcrumb\":{\"@id\":\"https:\\\/\\\/granada.hammamalandalus.com\\\/de\\\/primavera\\\/#breadcrumb\"},\"inLanguage\":\"de\",\"potentialAction\":[{\"@type\":\"ReadAction\",\"target\":[\"https:\\\/\\\/granada.hammamalandalus.com\\\/de\\\/primavera\\\/\"]}]},{\"@type\":\"ImageObject\",\"inLanguage\":\"de\",\"@id\":\"https:\\\/\\\/granada.hammamalandalus.com\\\/de\\\/primavera\\\/#primaryimage\",\"url\":\"https:\\\/\\\/granada.hammamalandalus.com\\\/wp-content\\\/uploads\\\/sites\\\/3\\\/2026\\\/03\\\/HAA_PRIMAVERA26_WEB_1920x1135_V1.jpg\",\"contentUrl\":\"https:\\\/\\\/granada.hammamalandalus.com\\\/wp-content\\\/uploads\\\/sites\\\/3\\\/2026\\\/03\\\/HAA_PRIMAVERA26_WEB_1920x1135_V1.jpg\",\"width\":1920,\"height\":1135},{\"@type\":\"BreadcrumbList\",\"@id\":\"https:\\\/\\\/granada.hammamalandalus.com\\\/de\\\/primavera\\\/#breadcrumb\",\"itemListElement\":[{\"@type\":\"ListItem\",\"position\":1,\"name\":\"Portada\",\"item\":\"https:\\\/\\\/granada.hammamalandalus.com\\\/de\\\/\"},{\"@type\":\"ListItem\",\"position\":2,\"name\":\"Saisonaler Fr\u00fchlingsservice\"}]},{\"@type\":\"WebSite\",\"@id\":\"https:\\\/\\\/granada.hammamalandalus.com\\\/de\\\/#website\",\"url\":\"https:\\\/\\\/granada.hammamalandalus.com\\\/de\\\/\",\"name\":\"Hammam Granada\",\"description\":\"Hammam Al \u00c1ndalus Granada\",\"publisher\":{\"@id\":\"https:\\\/\\\/granada.hammamalandalus.com\\\/de\\\/#organization\"},\"alternateName\":\"Hammam\",\"potentialAction\":[{\"@type\":\"SearchAction\",\"target\":{\"@type\":\"EntryPoint\",\"urlTemplate\":\"https:\\\/\\\/granada.hammamalandalus.com\\\/de\\\/?s={search_term_string}\"},\"query-input\":{\"@type\":\"PropertyValueSpecification\",\"valueRequired\":true,\"valueName\":\"search_term_string\"}}],\"inLanguage\":\"de\"},{\"@type\":\"Organization\",\"@id\":\"https:\\\/\\\/granada.hammamalandalus.com\\\/de\\\/#organization\",\"name\":\"Hammam Granada\",\"alternateName\":\"Hammam\",\"url\":\"https:\\\/\\\/granada.hammamalandalus.com\\\/de\\\/\",\"logo\":{\"@type\":\"ImageObject\",\"inLanguage\":\"de\",\"@id\":\"https:\\\/\\\/granada.hammamalandalus.com\\\/de\\\/#\\\/schema\\\/logo\\\/image\\\/\",\"url\":\"https:\\\/\\\/granada.hammamalandalus.com\\\/wp-content\\\/uploads\\\/sites\\\/3\\\/2019\\\/08\\\/hammam-al-andalus.png\",\"contentUrl\":\"https:\\\/\\\/granada.hammamalandalus.com\\\/wp-content\\\/uploads\\\/sites\\\/3\\\/2019\\\/08\\\/hammam-al-andalus.png\",\"width\":79,\"height\":79,\"caption\":\"Hammam Granada\"},\"image\":{\"@id\":\"https:\\\/\\\/granada.hammamalandalus.com\\\/de\\\/#\\\/schema\\\/logo\\\/image\\\/\"}}]}<\/script>\n<!-- \/ Yoast SEO plugin. -->","yoast_head_json":{"title":"Fr\u00fchlingsservice | Saisonaler Service | Hammam Granada","description":"Dieses Fr\u00fchlingsangebot schenkt Ihnen eine wertvolle zus\u00e4tzliche Zeit nur f\u00fcr sich selbst. Eine Kombination aus Kl\u00e4ngen, Ritualen und \u00e4therischen \u00d6len aus El Jard\u00edn de Hammam verst\u00e4rkt das Gef\u00fchl der Verbundenheit mit der Natur und l\u00e4sst Sie den Fr\u00fchling tief in sich sp\u00fcren.","robots":{"index":"index","follow":"follow","max-snippet":"max-snippet:-1","max-image-preview":"max-image-preview:large","max-video-preview":"max-video-preview:-1"},"canonical":"https:\/\/granada.hammamalandalus.com\/de\/primavera\/","og_locale":"de_DE","og_type":"article","og_title":"Fr\u00fchlingsservice | Saisonaler Service | Hammam Granada","og_description":"Dieses Fr\u00fchlingsangebot schenkt Ihnen eine wertvolle zus\u00e4tzliche Zeit nur f\u00fcr sich selbst. Eine Kombination aus Kl\u00e4ngen, Ritualen und \u00e4therischen \u00d6len aus El Jard\u00edn de Hammam verst\u00e4rkt das Gef\u00fchl der Verbundenheit mit der Natur und l\u00e4sst Sie den Fr\u00fchling tief in sich sp\u00fcren.","og_url":"https:\/\/granada.hammamalandalus.com\/de\/primavera\/","og_site_name":"Hammam Granada","article_modified_time":"2026-03-20T11:49:03+00:00","og_image":[{"width":1920,"height":1135,"url":"https:\/\/granada.hammamalandalus.com\/wp-content\/uploads\/sites\/3\/2026\/03\/HAA_PRIMAVERA26_WEB_1920x1135_V1.jpg","type":"image\/jpeg"}],"twitter_card":"summary_large_image","twitter_misc":{"Gesch\u00e4tzte Lesezeit":"1\u00a0Minute"},"schema":{"@context":"https:\/\/schema.org","@graph":[{"@type":"WebPage","@id":"https:\/\/granada.hammamalandalus.com\/de\/primavera\/","url":"https:\/\/granada.hammamalandalus.com\/de\/primavera\/","name":"Fr\u00fchlingsservice | Saisonaler Service | Hammam Granada","isPartOf":{"@id":"https:\/\/granada.hammamalandalus.com\/de\/#website"},"primaryImageOfPage":{"@id":"https:\/\/granada.hammamalandalus.com\/de\/primavera\/#primaryimage"},"image":{"@id":"https:\/\/granada.hammamalandalus.com\/de\/primavera\/#primaryimage"},"thumbnailUrl":"https:\/\/granada.hammamalandalus.com\/wp-content\/uploads\/sites\/3\/2026\/03\/HAA_PRIMAVERA26_WEB_1920x1135_V1.jpg","datePublished":"2021-03-22T11:02:21+00:00","dateModified":"2026-03-20T11:49:03+00:00","description":"Dieses Fr\u00fchlingsangebot schenkt Ihnen eine wertvolle zus\u00e4tzliche Zeit nur f\u00fcr sich selbst. Eine Kombination aus Kl\u00e4ngen, Ritualen und \u00e4therischen \u00d6len aus El Jard\u00edn de Hammam verst\u00e4rkt das Gef\u00fchl der Verbundenheit mit der Natur und l\u00e4sst Sie den Fr\u00fchling tief in sich sp\u00fcren.","breadcrumb":{"@id":"https:\/\/granada.hammamalandalus.com\/de\/primavera\/#breadcrumb"},"inLanguage":"de","potentialAction":[{"@type":"ReadAction","target":["https:\/\/granada.hammamalandalus.com\/de\/primavera\/"]}]},{"@type":"ImageObject","inLanguage":"de","@id":"https:\/\/granada.hammamalandalus.com\/de\/primavera\/#primaryimage","url":"https:\/\/granada.hammamalandalus.com\/wp-content\/uploads\/sites\/3\/2026\/03\/HAA_PRIMAVERA26_WEB_1920x1135_V1.jpg","contentUrl":"https:\/\/granada.hammamalandalus.com\/wp-content\/uploads\/sites\/3\/2026\/03\/HAA_PRIMAVERA26_WEB_1920x1135_V1.jpg","width":1920,"height":1135},{"@type":"BreadcrumbList","@id":"https:\/\/granada.hammamalandalus.com\/de\/primavera\/#breadcrumb","itemListElement":[{"@type":"ListItem","position":1,"name":"Portada","item":"https:\/\/granada.hammamalandalus.com\/de\/"},{"@type":"ListItem","position":2,"name":"Saisonaler Fr\u00fchlingsservice"}]},{"@type":"WebSite","@id":"https:\/\/granada.hammamalandalus.com\/de\/#website","url":"https:\/\/granada.hammamalandalus.com\/de\/","name":"Hammam Granada","description":"Hammam Al \u00c1ndalus Granada","publisher":{"@id":"https:\/\/granada.hammamalandalus.com\/de\/#organization"},"alternateName":"Hammam","potentialAction":[{"@type":"SearchAction","target":{"@type":"EntryPoint","urlTemplate":"https:\/\/granada.hammamalandalus.com\/de\/?s={search_term_string}"},"query-input":{"@type":"PropertyValueSpecification","valueRequired":true,"valueName":"search_term_string"}}],"inLanguage":"de"},{"@type":"Organization","@id":"https:\/\/granada.hammamalandalus.com\/de\/#organization","name":"Hammam Granada","alternateName":"Hammam","url":"https:\/\/granada.hammamalandalus.com\/de\/","logo":{"@type":"ImageObject","inLanguage":"de","@id":"https:\/\/granada.hammamalandalus.com\/de\/#\/schema\/logo\/image\/","url":"https:\/\/granada.hammamalandalus.com\/wp-content\/uploads\/sites\/3\/2019\/08\/hammam-al-andalus.png","contentUrl":"https:\/\/granada.hammamalandalus.com\/wp-content\/uploads\/sites\/3\/2019\/08\/hammam-al-andalus.png","width":79,"height":79,"caption":"Hammam Granada"},"image":{"@id":"https:\/\/granada.hammamalandalus.com\/de\/#\/schema\/logo\/image\/"}}]}},"publishpress_future_action":{"enabled":false,"date":"2026-04-24 06:42:13","action":"change-status","newStatus":"draft","terms":[],"taxonomy":"translation_priority","extraData":[]},"publishpress_future_workflow_manual_trigger":{"enabledWorkflows":[]},"_links":{"self":[{"href":"https:\/\/granada.hammamalandalus.com\/de\/wp-json\/wp\/v2\/pages\/3760","targetHints":{"allow":["GET"]}}],"collection":[{"href":"https:\/\/granada.hammamalandalus.com\/de\/wp-json\/wp\/v2\/pages"}],"about":[{"href":"https:\/\/granada.hammamalandalus.com\/de\/wp-json\/wp\/v2\/types\/page"}],"author":[{"embeddable":true,"href":"https:\/\/granada.hammamalandalus.com\/de\/wp-json\/wp\/v2\/users\/6"}],"replies":[{"embeddable":true,"href":"https:\/\/granada.hammamalandalus.com\/de\/wp-json\/wp\/v2\/comments?post=3760"}],"version-history":[{"count":6,"href":"https:\/\/granada.hammamalandalus.com\/de\/wp-json\/wp\/v2\/pages\/3760\/revisions"}],"predecessor-version":[{"id":11186,"href":"https:\/\/granada.hammamalandalus.com\/de\/wp-json\/wp\/v2\/pages\/3760\/revisions\/11186"}],"wp:featuredmedia":[{"embeddable":true,"href":"https:\/\/granada.hammamalandalus.com\/de\/wp-json\/wp\/v2\/media\/11145"}],"wp:attachment":[{"href":"https:\/\/granada.hammamalandalus.com\/de\/wp-json\/wp\/v2\/media?parent=3760"}],"curies":[{"name":"wp","href":"https:\/\/api.w.org\/{rel}","templated":true}]}}