{"id":3762,"date":"2021-03-22T11:04:12","date_gmt":"2021-03-22T10:04:12","guid":{"rendered":"https:\/\/granada.hammamalandalus.com\/?page_id=3762"},"modified":"2026-03-20T12:28:07","modified_gmt":"2026-03-20T11:28:07","slug":"primavera","status":"publish","type":"page","link":"https:\/\/granada.hammamalandalus.com\/fr\/primavera\/","title":{"rendered":"SERVICE DE PRINTEMPS"},"content":{"rendered":"","protected":false},"excerpt":{"rendered":"","protected":false},"author":6,"featured_media":11144,"parent":0,"menu_order":22,"comment_status":"closed","ping_status":"closed","template":"views\/template-blocks.blade.php","meta":{"_acf_changed":false,"footnotes":""},"class_list":["post-3762","page","type-page","status-publish","has-post-thumbnail","hentry"],"acf":[],"yoast_head":"\nService de Printemps | Service Saisonnier | Hammam Granada<\/title>\n<meta name=\"description\" content=\"Cette offre sp\u00e9ciale de printemps vous offre un pr\u00e9cieux moment suppl\u00e9mentaire rien que pour vous. Une combinaison de sons, de rituels et d\u2019huiles essentielles d\u2019El Jard\u00edn de Hammam intensifie la connexion avec la nature et vous fera ressentir le printemps au plus profond de vous-m\u00eame.\" \/>\n<meta name=\"robots\" content=\"index, follow, max-snippet:-1, max-image-preview:large, max-video-preview:-1\" \/>\n<link rel=\"canonical\" href=\"https:\/\/granada.hammamalandalus.com\/fr\/primavera\/\" \/>\n<meta property=\"og:locale\" content=\"fr_FR\" \/>\n<meta property=\"og:type\" content=\"article\" \/>\n<meta property=\"og:title\" content=\"Service de Printemps | Service Saisonnier | Hammam Granada\" \/>\n<meta property=\"og:description\" content=\"Cette offre sp\u00e9ciale de printemps vous offre un pr\u00e9cieux moment suppl\u00e9mentaire rien que pour vous. Une combinaison de sons, de rituels et d\u2019huiles essentielles d\u2019El Jard\u00edn de Hammam intensifie la connexion avec la nature et vous fera ressentir le printemps au plus profond de vous-m\u00eame.\" \/>\n<meta property=\"og:url\" content=\"https:\/\/granada.hammamalandalus.com\/fr\/primavera\/\" \/>\n<meta property=\"og:site_name\" content=\"Hammam Granada\" \/>\n<meta property=\"article:modified_time\" content=\"2026-03-20T11:28:07+00:00\" \/>\n<meta property=\"og:image\" content=\"https:\/\/granada.hammamalandalus.com\/wp-content\/uploads\/sites\/3\/2026\/03\/HAA_PRIMAVERA26_WEB_1920x1135_V1.jpg\" \/>\n\t<meta property=\"og:image:width\" content=\"1920\" \/>\n\t<meta property=\"og:image:height\" content=\"1135\" \/>\n\t<meta property=\"og:image:type\" content=\"image\/jpeg\" \/>\n<meta name=\"twitter:card\" content=\"summary_large_image\" \/>\n<meta name=\"twitter:label1\" content=\"Dur\u00e9e de lecture estim\u00e9e\" \/>\n\t<meta name=\"twitter:data1\" content=\"1 minute\" \/>\n<script type=\"application\/ld+json\" class=\"yoast-schema-graph\">{\"@context\":\"https:\\\/\\\/schema.org\",\"@graph\":[{\"@type\":\"WebPage\",\"@id\":\"https:\\\/\\\/granada.hammamalandalus.com\\\/fr\\\/primavera\\\/\",\"url\":\"https:\\\/\\\/granada.hammamalandalus.com\\\/fr\\\/primavera\\\/\",\"name\":\"Service de Printemps | Service Saisonnier | Hammam Granada\",\"isPartOf\":{\"@id\":\"https:\\\/\\\/granada.hammamalandalus.com\\\/fr\\\/#website\"},\"primaryImageOfPage\":{\"@id\":\"https:\\\/\\\/granada.hammamalandalus.com\\\/fr\\\/primavera\\\/#primaryimage\"},\"image\":{\"@id\":\"https:\\\/\\\/granada.hammamalandalus.com\\\/fr\\\/primavera\\\/#primaryimage\"},\"thumbnailUrl\":\"https:\\\/\\\/granada.hammamalandalus.com\\\/wp-content\\\/uploads\\\/sites\\\/3\\\/2026\\\/03\\\/HAA_PRIMAVERA26_WEB_1920x1135_V1.jpg\",\"datePublished\":\"2021-03-22T10:04:12+00:00\",\"dateModified\":\"2026-03-20T11:28:07+00:00\",\"description\":\"Cette offre sp\u00e9ciale de printemps vous offre un pr\u00e9cieux moment suppl\u00e9mentaire rien que pour vous. Une combinaison de sons, de rituels et d\u2019huiles essentielles d\u2019El Jard\u00edn de Hammam intensifie la connexion avec la nature et vous fera ressentir le printemps au plus profond de vous-m\u00eame.\",\"breadcrumb\":{\"@id\":\"https:\\\/\\\/granada.hammamalandalus.com\\\/fr\\\/primavera\\\/#breadcrumb\"},\"inLanguage\":\"fr-FR\",\"potentialAction\":[{\"@type\":\"ReadAction\",\"target\":[\"https:\\\/\\\/granada.hammamalandalus.com\\\/fr\\\/primavera\\\/\"]}]},{\"@type\":\"ImageObject\",\"inLanguage\":\"fr-FR\",\"@id\":\"https:\\\/\\\/granada.hammamalandalus.com\\\/fr\\\/primavera\\\/#primaryimage\",\"url\":\"https:\\\/\\\/granada.hammamalandalus.com\\\/wp-content\\\/uploads\\\/sites\\\/3\\\/2026\\\/03\\\/HAA_PRIMAVERA26_WEB_1920x1135_V1.jpg\",\"contentUrl\":\"https:\\\/\\\/granada.hammamalandalus.com\\\/wp-content\\\/uploads\\\/sites\\\/3\\\/2026\\\/03\\\/HAA_PRIMAVERA26_WEB_1920x1135_V1.jpg\",\"width\":1920,\"height\":1135},{\"@type\":\"BreadcrumbList\",\"@id\":\"https:\\\/\\\/granada.hammamalandalus.com\\\/fr\\\/primavera\\\/#breadcrumb\",\"itemListElement\":[{\"@type\":\"ListItem\",\"position\":1,\"name\":\"Portada\",\"item\":\"https:\\\/\\\/granada.hammamalandalus.com\\\/fr\\\/\"},{\"@type\":\"ListItem\",\"position\":2,\"name\":\"SERVICE DE PRINTEMPS\"}]},{\"@type\":\"WebSite\",\"@id\":\"https:\\\/\\\/granada.hammamalandalus.com\\\/fr\\\/#website\",\"url\":\"https:\\\/\\\/granada.hammamalandalus.com\\\/fr\\\/\",\"name\":\"Hammam Granada\",\"description\":\"Hammam Al \u00c1ndalus Granada\",\"publisher\":{\"@id\":\"https:\\\/\\\/granada.hammamalandalus.com\\\/fr\\\/#organization\"},\"alternateName\":\"Hammam\",\"potentialAction\":[{\"@type\":\"SearchAction\",\"target\":{\"@type\":\"EntryPoint\",\"urlTemplate\":\"https:\\\/\\\/granada.hammamalandalus.com\\\/fr\\\/?s={search_term_string}\"},\"query-input\":{\"@type\":\"PropertyValueSpecification\",\"valueRequired\":true,\"valueName\":\"search_term_string\"}}],\"inLanguage\":\"fr-FR\"},{\"@type\":\"Organization\",\"@id\":\"https:\\\/\\\/granada.hammamalandalus.com\\\/fr\\\/#organization\",\"name\":\"Hammam Granada\",\"alternateName\":\"Hammam\",\"url\":\"https:\\\/\\\/granada.hammamalandalus.com\\\/fr\\\/\",\"logo\":{\"@type\":\"ImageObject\",\"inLanguage\":\"fr-FR\",\"@id\":\"https:\\\/\\\/granada.hammamalandalus.com\\\/fr\\\/#\\\/schema\\\/logo\\\/image\\\/\",\"url\":\"https:\\\/\\\/granada.hammamalandalus.com\\\/wp-content\\\/uploads\\\/sites\\\/3\\\/2019\\\/08\\\/hammam-al-andalus.png\",\"contentUrl\":\"https:\\\/\\\/granada.hammamalandalus.com\\\/wp-content\\\/uploads\\\/sites\\\/3\\\/2019\\\/08\\\/hammam-al-andalus.png\",\"width\":79,\"height\":79,\"caption\":\"Hammam Granada\"},\"image\":{\"@id\":\"https:\\\/\\\/granada.hammamalandalus.com\\\/fr\\\/#\\\/schema\\\/logo\\\/image\\\/\"}}]}<\/script>\n<!-- \/ Yoast SEO plugin. -->","yoast_head_json":{"title":"Service de Printemps | Service Saisonnier | Hammam Granada","description":"Cette offre sp\u00e9ciale de printemps vous offre un pr\u00e9cieux moment suppl\u00e9mentaire rien que pour vous. Une combinaison de sons, de rituels et d\u2019huiles essentielles d\u2019El Jard\u00edn de Hammam intensifie la connexion avec la nature et vous fera ressentir le printemps au plus profond de vous-m\u00eame.","robots":{"index":"index","follow":"follow","max-snippet":"max-snippet:-1","max-image-preview":"max-image-preview:large","max-video-preview":"max-video-preview:-1"},"canonical":"https:\/\/granada.hammamalandalus.com\/fr\/primavera\/","og_locale":"fr_FR","og_type":"article","og_title":"Service de Printemps | Service Saisonnier | Hammam Granada","og_description":"Cette offre sp\u00e9ciale de printemps vous offre un pr\u00e9cieux moment suppl\u00e9mentaire rien que pour vous. Une combinaison de sons, de rituels et d\u2019huiles essentielles d\u2019El Jard\u00edn de Hammam intensifie la connexion avec la nature et vous fera ressentir le printemps au plus profond de vous-m\u00eame.","og_url":"https:\/\/granada.hammamalandalus.com\/fr\/primavera\/","og_site_name":"Hammam Granada","article_modified_time":"2026-03-20T11:28:07+00:00","og_image":[{"width":1920,"height":1135,"url":"https:\/\/granada.hammamalandalus.com\/wp-content\/uploads\/sites\/3\/2026\/03\/HAA_PRIMAVERA26_WEB_1920x1135_V1.jpg","type":"image\/jpeg"}],"twitter_card":"summary_large_image","twitter_misc":{"Dur\u00e9e de lecture estim\u00e9e":"1 minute"},"schema":{"@context":"https:\/\/schema.org","@graph":[{"@type":"WebPage","@id":"https:\/\/granada.hammamalandalus.com\/fr\/primavera\/","url":"https:\/\/granada.hammamalandalus.com\/fr\/primavera\/","name":"Service de Printemps | Service Saisonnier | Hammam Granada","isPartOf":{"@id":"https:\/\/granada.hammamalandalus.com\/fr\/#website"},"primaryImageOfPage":{"@id":"https:\/\/granada.hammamalandalus.com\/fr\/primavera\/#primaryimage"},"image":{"@id":"https:\/\/granada.hammamalandalus.com\/fr\/primavera\/#primaryimage"},"thumbnailUrl":"https:\/\/granada.hammamalandalus.com\/wp-content\/uploads\/sites\/3\/2026\/03\/HAA_PRIMAVERA26_WEB_1920x1135_V1.jpg","datePublished":"2021-03-22T10:04:12+00:00","dateModified":"2026-03-20T11:28:07+00:00","description":"Cette offre sp\u00e9ciale de printemps vous offre un pr\u00e9cieux moment suppl\u00e9mentaire rien que pour vous. Une combinaison de sons, de rituels et d\u2019huiles essentielles d\u2019El Jard\u00edn de Hammam intensifie la connexion avec la nature et vous fera ressentir le printemps au plus profond de vous-m\u00eame.","breadcrumb":{"@id":"https:\/\/granada.hammamalandalus.com\/fr\/primavera\/#breadcrumb"},"inLanguage":"fr-FR","potentialAction":[{"@type":"ReadAction","target":["https:\/\/granada.hammamalandalus.com\/fr\/primavera\/"]}]},{"@type":"ImageObject","inLanguage":"fr-FR","@id":"https:\/\/granada.hammamalandalus.com\/fr\/primavera\/#primaryimage","url":"https:\/\/granada.hammamalandalus.com\/wp-content\/uploads\/sites\/3\/2026\/03\/HAA_PRIMAVERA26_WEB_1920x1135_V1.jpg","contentUrl":"https:\/\/granada.hammamalandalus.com\/wp-content\/uploads\/sites\/3\/2026\/03\/HAA_PRIMAVERA26_WEB_1920x1135_V1.jpg","width":1920,"height":1135},{"@type":"BreadcrumbList","@id":"https:\/\/granada.hammamalandalus.com\/fr\/primavera\/#breadcrumb","itemListElement":[{"@type":"ListItem","position":1,"name":"Portada","item":"https:\/\/granada.hammamalandalus.com\/fr\/"},{"@type":"ListItem","position":2,"name":"SERVICE DE PRINTEMPS"}]},{"@type":"WebSite","@id":"https:\/\/granada.hammamalandalus.com\/fr\/#website","url":"https:\/\/granada.hammamalandalus.com\/fr\/","name":"Hammam Granada","description":"Hammam Al \u00c1ndalus Granada","publisher":{"@id":"https:\/\/granada.hammamalandalus.com\/fr\/#organization"},"alternateName":"Hammam","potentialAction":[{"@type":"SearchAction","target":{"@type":"EntryPoint","urlTemplate":"https:\/\/granada.hammamalandalus.com\/fr\/?s={search_term_string}"},"query-input":{"@type":"PropertyValueSpecification","valueRequired":true,"valueName":"search_term_string"}}],"inLanguage":"fr-FR"},{"@type":"Organization","@id":"https:\/\/granada.hammamalandalus.com\/fr\/#organization","name":"Hammam Granada","alternateName":"Hammam","url":"https:\/\/granada.hammamalandalus.com\/fr\/","logo":{"@type":"ImageObject","inLanguage":"fr-FR","@id":"https:\/\/granada.hammamalandalus.com\/fr\/#\/schema\/logo\/image\/","url":"https:\/\/granada.hammamalandalus.com\/wp-content\/uploads\/sites\/3\/2019\/08\/hammam-al-andalus.png","contentUrl":"https:\/\/granada.hammamalandalus.com\/wp-content\/uploads\/sites\/3\/2019\/08\/hammam-al-andalus.png","width":79,"height":79,"caption":"Hammam Granada"},"image":{"@id":"https:\/\/granada.hammamalandalus.com\/fr\/#\/schema\/logo\/image\/"}}]}},"publishpress_future_action":{"enabled":false,"date":"2026-04-24 02:47:34","action":"change-status","newStatus":"draft","terms":[],"taxonomy":"translation_priority","extraData":[]},"publishpress_future_workflow_manual_trigger":{"enabledWorkflows":[]},"_links":{"self":[{"href":"https:\/\/granada.hammamalandalus.com\/fr\/wp-json\/wp\/v2\/pages\/3762","targetHints":{"allow":["GET"]}}],"collection":[{"href":"https:\/\/granada.hammamalandalus.com\/fr\/wp-json\/wp\/v2\/pages"}],"about":[{"href":"https:\/\/granada.hammamalandalus.com\/fr\/wp-json\/wp\/v2\/types\/page"}],"author":[{"embeddable":true,"href":"https:\/\/granada.hammamalandalus.com\/fr\/wp-json\/wp\/v2\/users\/6"}],"replies":[{"embeddable":true,"href":"https:\/\/granada.hammamalandalus.com\/fr\/wp-json\/wp\/v2\/comments?post=3762"}],"version-history":[{"count":5,"href":"https:\/\/granada.hammamalandalus.com\/fr\/wp-json\/wp\/v2\/pages\/3762\/revisions"}],"predecessor-version":[{"id":11179,"href":"https:\/\/granada.hammamalandalus.com\/fr\/wp-json\/wp\/v2\/pages\/3762\/revisions\/11179"}],"wp:featuredmedia":[{"embeddable":true,"href":"https:\/\/granada.hammamalandalus.com\/fr\/wp-json\/wp\/v2\/media\/11144"}],"wp:attachment":[{"href":"https:\/\/granada.hammamalandalus.com\/fr\/wp-json\/wp\/v2\/media?parent=3762"}],"curies":[{"name":"wp","href":"https:\/\/api.w.org\/{rel}","templated":true}]}}